{"id":690,"date":"2020-07-13T14:33:52","date_gmt":"2020-07-13T14:33:52","guid":{"rendered":"http:\/\/demos.upperthemes.com\/alma\/onepage2\/?page_id=690"},"modified":"2023-12-28T11:25:25","modified_gmt":"2023-12-28T11:25:25","slug":"services-2","status":"publish","type":"page","link":"https:\/\/rootingtech.com\/pt\/services-2\/","title":{"rendered":"Services"},"content":{"rendered":"<div class=\"wpb-content-wrapper\"><div data-vc-full-width=\"true\" data-vc-full-width-init=\"false\" data-vc-stretch-content=\"true\" class=\"vc_row wpb_row vc_row-fluid wpb_animate_when_almost_visible wpb_fadeInUp fadeInUp vc_custom_1600275801303 vc_row-no-padding\"><div class=\"wpb_column vc_column_container vc_col-sm-3\"><div class=\"vc_column-inner\"><div class=\"wpb_wrapper\"><\/div><\/div><\/div><div class=\"wpb_column vc_column_container vc_col-sm-6\"><div class=\"vc_column-inner\"><div class=\"wpb_wrapper\"><h2 style=\"text-align: center\" class=\"vc_custom_heading wpb_animate_when_almost_visible wpb_fadeInUp fadeInUp\" >NAVEGAMOS<br \/>\nPIONEIRAMOS<\/h2><div class=\"vc_row wpb_row vc_inner vc_row-fluid\"><div class=\"wpb_column vc_column_container vc_col-sm-2\"><div class=\"vc_column-inner\"><div class=\"wpb_wrapper\"><\/div><\/div><\/div><div class=\"wpb_column vc_column_container vc_col-sm-8\"><div class=\"vc_column-inner\"><div class=\"wpb_wrapper\"><p style=\"font-size: 1.2em;text-align: center\" class=\"vc_custom_heading wpb_animate_when_almost_visible wpb_fadeInUp fadeInUp\" >Nas nossas empreitadas, que se destacam pela distin\u00e7\u00e3o e vis\u00e3o de futuro, combinamos um aprofundado conhecimento ambiental com tecnologias pioneiras e pr\u00e1ticas sustent\u00e1veis. Estamos a mapear novos territ\u00f3rios na interse\u00e7\u00e3o da inova\u00e7\u00e3o ecol\u00f3gica e do avan\u00e7o tecnol\u00f3gico, comprometendo-nos a criar um legado de resili\u00eancia e prosperidade mar\u00edtima.<\/p><\/div><\/div><\/div><div class=\"wpb_column vc_column_container vc_col-sm-2\"><div class=\"vc_column-inner\"><div class=\"wpb_wrapper\"><\/div><\/div><\/div><\/div><div class=\"vc_empty_space\"   style=\"height: 40px\"><span class=\"vc_empty_space_inner\"><\/span><\/div><div class=\"info-wrapper ult-adjust-bottom-margin\"><div id=\"info-circle-wrapper-69ef995f9bea4\" data-uniqid=\"69ef995f9bea4\" class=\"info-circle-wrapper  info-circle-responsive\" data-half-percentage=\"70\" data-circle-type=\"full-circle\"><div class=\"info-c-full-br\" style='border:1px solid rgba(0,0,0,0.2);width:140%;opacity:0;' data-start-degree=\"90\" data-divert=\"\" data-info-circle-angle=\"full\" data-responsive-circle=\"on\" data-responsive-breakpoint=\"600\" data-launch=\"easeOutBounce\" data-launch-duration=\"1\" data-launch-delay=\"0.2\" data-slide-true=\"off\" data-slide-duration=\"3\" data-icon-size=\"35\" data-icon-show=\"show\" data-icon-show-size=\"50\" data-highlight-style=\"info-circle-highlight-style\" data-focus-on=\"hover\"><div  class=\"icon-circle-list\"><div class=\"info-circle-icons\" style=\"background:#000000;color:#ffffff;border-style:solid;border-width:1px;border-color:rgba(255,255,255,0.2);\" ><i class=\"linearicons-home5 info-circle-icon\" ><\/i><\/div><div class=\"info-details\" data-icon-class=\"ult-info-circle-icon\"><div class=\"info-circle-def\"><div  class=\"info-circle-sub-def\"><i class=\"linearicons-home5 info-circle-icon\" ><\/i><div class=\"responsive-font-class ult-responsive\" ><h3  data-ultimate-target='#info-cirlce-wrap-9076 .responsive-font-class h3.new-cust-responsive-class'  data-responsive-json-new='{\"font-size\":\"desktop:22px;\",\"line-height\":\"desktop:25px;\"}'  class=\"info-circle-heading ult-responsive new-cust-responsive-class\" style=\"font-family:&#039;Dosis&#039;;font-weight:600;\">INTELIG\u00caNCIA ARTIFICIAL<\/h3><div  class=\"info-circle-text\" style=\"font-family:&#039;Lato&#039;;font-weight:normal;\">Advanced algorithms that learn and adapt, enhancing efficacy in the protection and monitoring of marine ecosystems.<\/div><\/div><\/div><\/div><\/div><div class=\"info-circle-icons\" style=\"background:#000000;color:#ffffff;border-style:solid;border-width:1px;border-color:rgba(255,255,255,0.2);\" ><i class=\"linearicons-construction-cone info-circle-icon\" ><\/i><\/div><div class=\"info-details\" data-icon-class=\"ult-info-circle-icon\"><div class=\"info-circle-def\"><div  class=\"info-circle-sub-def\"><i class=\"linearicons-construction-cone info-circle-icon\" ><\/i><div class=\"responsive-font-class ult-responsive\" ><h3  data-ultimate-target='#info-cirlce-wrap-9076 .responsive-font-class h3.new-cust-responsive-class'  data-responsive-json-new='{\"font-size\":\"desktop:22px;\",\"line-height\":\"desktop:25px;\"}'  class=\"info-circle-heading ult-responsive new-cust-responsive-class\" style=\"font-family:&#039;Dosis&#039;;font-weight:600;\">BIG DATA<\/h3><div  class=\"info-circle-text\" style=\"font-family:&#039;Lato&#039;;font-weight:normal;\">An\u00e1lise de grandes volumes de dados para insights oce\u00e2nicos profundos, impulsionando decis\u00f5es baseadas em evid\u00eancias.<\/div><\/div><\/div><\/div><\/div><div class=\"info-circle-icons\" style=\"background:#000000;color:#ffffff;border-style:solid;border-width:1px;border-color:rgba(255,255,255,0.2);\" ><i class=\"linearicons-couch info-circle-icon\" ><\/i><\/div><div class=\"info-details\" data-icon-class=\"ult-info-circle-icon\"><div class=\"info-circle-def\"><div  class=\"info-circle-sub-def\"><i class=\"linearicons-couch info-circle-icon\" ><\/i><div class=\"responsive-font-class ult-responsive\" ><h3  data-ultimate-target='#info-cirlce-wrap-9076 .responsive-font-class h3.new-cust-responsive-class'  data-responsive-json-new='{\"font-size\":\"desktop:22px;\",\"line-height\":\"desktop:25px;\"}'  class=\"info-circle-heading ult-responsive new-cust-responsive-class\" style=\"font-family:&#039;Dosis&#039;;font-weight:600;\">IOT<\/h3><div  class=\"info-circle-text\" style=\"font-family:&#039;Lato&#039;;font-weight:normal;\">Rede de dispositivos interconectados, coletando dados vitais em tempo real para um gerenciamento ambiental inteligente.<\/div><\/div><\/div><\/div><\/div><div class=\"info-circle-icons\" style=\"background:#000000;color:#ffffff;border-style:solid;border-width:1px;border-color:rgba(255,255,255,0.2);\" ><i class=\"linearicons-radio info-circle-icon\" ><\/i><\/div><div class=\"info-details\" data-icon-class=\"ult-info-circle-icon\"><div class=\"info-circle-def\"><div  class=\"info-circle-sub-def\"><i class=\"linearicons-radio info-circle-icon\" ><\/i><div class=\"responsive-font-class ult-responsive\" ><h3  data-ultimate-target='#info-cirlce-wrap-9076 .responsive-font-class h3.new-cust-responsive-class'  data-responsive-json-new='{\"font-size\":\"desktop:22px;\",\"line-height\":\"desktop:25px;\"}'  class=\"info-circle-heading ult-responsive new-cust-responsive-class\" style=\"font-family:&#039;Dosis&#039;;font-weight:600;\">SUSTENTABILIDADE<\/h3><div  class=\"info-circle-text\" style=\"font-family:&#039;Lato&#039;;font-weight:normal;\">Estrat\u00e9gias integradas que respeitam a biodiversidade marinha, promovendo a utiliza\u00e7\u00e3o respons\u00e1vel dos recursos oce\u00e2nicos.<\/div><\/div><\/div><\/div><\/div><div class=\"info-circle-icons\" style=\"background:#000000;color:#ffffff;border-style:solid;border-width:1px;border-color:rgba(255,255,255,0.2);\" ><i class=\"linearicons-contacts info-circle-icon\" ><\/i><\/div><div class=\"info-details\" data-icon-class=\"ult-info-circle-icon\"><div class=\"info-circle-def\"><div  class=\"info-circle-sub-def\"><i class=\"linearicons-contacts info-circle-icon\" ><\/i><div class=\"responsive-font-class ult-responsive\" ><h3  data-ultimate-target='#info-cirlce-wrap-9076 .responsive-font-class h3.new-cust-responsive-class'  data-responsive-json-new='{\"font-size\":\"desktop:22px;\",\"line-height\":\"desktop:25px;\"}'  class=\"info-circle-heading ult-responsive new-cust-responsive-class\" style=\"font-family:&#039;Dosis&#039;;font-weight:600;\">ENERGIA RENOV\u00c1VEL<\/h3><div  class=\"info-circle-text\" style=\"font-family:&#039;Lato&#039;;font-weight:normal;\">Solu\u00e7\u00f5es inovadoras para a gera\u00e7\u00e3o de energia limpa, reduzindo a depend\u00eancia de combust\u00edveis f\u00f3sseis e protegendo os oceanos.<\/div><\/div><\/div><\/div><\/div><div class=\"info-circle-icons\" style=\"background:#000000;color:#ffffff;border-style:solid;border-width:1px;border-color:rgba(255,255,255,0.2);\" ><i class=\"linearicons-pencil-ruler info-circle-icon\" ><\/i><\/div><div class=\"info-details\" data-icon-class=\"ult-info-circle-icon\"><div class=\"info-circle-def\"><div  class=\"info-circle-sub-def\"><i class=\"linearicons-pencil-ruler info-circle-icon\" ><\/i><div class=\"responsive-font-class ult-responsive\" ><h3  data-ultimate-target='#info-cirlce-wrap-9076 .responsive-font-class h3.new-cust-responsive-class'  data-responsive-json-new='{\"font-size\":\"desktop:22px;\",\"line-height\":\"desktop:25px;\"}'  class=\"info-circle-heading ult-responsive new-cust-responsive-class\" style=\"font-family:&#039;Dosis&#039;;font-weight:600;\">COLABORA\u00c7\u00c3O<\/h3><div  class=\"info-circle-text\" style=\"font-family:&#039;Lato&#039;;font-weight:normal;\">Estabelecer parcerias que impulsionam a a\u00e7\u00e3o coletiva em dire\u00e7\u00e3o a avan\u00e7os mar\u00edtimos sustent\u00e1veis e uma gest\u00e3o ecol\u00f3gica partilhada.<\/div><\/div><\/div><\/div><\/div><\/div><div id=\"info-cirlce-wrap-9076\" class=\"info-c-full\" style=\"background-color:#efefef;color:#171717;width:70%;height:70%;margin:15%;\"><div class=\"info-c-full-wrap\"><\/div><\/div><\/div><div class=\"smile_icon_list_wrap\" data-content_bg=\"#efefef\" data-content_color=\"#171717\">\n\t\t\t\t\t\t\t<ul id=\"info-cirlce-wrap-9076\" class=\"smile_icon_list left circle with_bg\"><li class=\"icon_list_item\" style=\"font-size:96px;\">\n\t\t\t\t\t\t\t\t\t<div class=\"icon_list_icon\" style=\"font-size:32px;width:32px;height:32px;line-height:1;\">\n\t\t\t\t\t\t\t\t\t\t<i class=\"smt-pencil\"><\/i>\n\t\t\t\t\t\t\t\t\t<\/div>\n\t\t\t\t\t\t\t\t\t<div  class=\"icon_description\" style=\"font-size:32px;\">\n\t\t\t\t\t\t\t\t\t\t<div class=\"responsive-font-class ult-responsive\"  data-ultimate-target='#info-cirlce-wrap-9076 .responsive-font-class *'  data-responsive-json-new='{\"font-size\":\"desktop:15px;\",\"line-height\":\"desktop:25px;\"}'  style=\"font-family:&#039;Lato&#039;;font-weight:normal;\">\n\t\t\t\t\t\t\t\t\t\t\t<h3  data-ultimate-target='#info-cirlce-wrap-9076 .responsive-font-class h3.new-cust-responsive-class'  data-responsive-json-new='{\"font-size\":\"desktop:22px;\",\"line-height\":\"desktop:25px;\"}'  class=\"ult-responsive new-cust-responsive-class\" style=\"font-family:&#039;Dosis&#039;;font-weight:600;\"><\/h3>\n\t\t\t\t\t\t\t\t\t\t\t<p><\/p>\n\t\t\t\t\t\t\t\t\t\t<\/div>\n\t\t\t\t\t\t\t\t\t<\/div>\n\t\t\t\t\t\t\t\t\t<div class=\"icon_list_connector\" style=\" border-style:solid;border-color:rgba(0,0,0,0.2); left:16px; top:32px;\">\n\t\t\t\t\t\t\t\t\t<\/div><\/li><\/ul>\n\t\t\t\t\t\t<\/div><\/div><\/div><div class=\"vc_empty_space\"   style=\"height: 50px\"><span class=\"vc_empty_space_inner\"><\/span><\/div><\/div><\/div><\/div><div class=\"wpb_column vc_column_container vc_col-sm-3\"><div class=\"vc_column-inner\"><div class=\"wpb_wrapper\"><\/div><\/div><\/div><\/div><div class=\"vc_row-full-width vc_clearfix\"><\/div><div class=\"vc_row wpb_row vc_row-fluid vc_custom_1703762716963\"><div class=\"wpb_animate_when_almost_visible wpb_fadeInUp fadeInUp wpb_column vc_column_container vc_col-sm-12\"><div class=\"vc_column-inner\"><div class=\"wpb_wrapper\"><h2 style=\"color: #ffffff;text-align: center\" class=\"vc_custom_heading align-center\" >O QUE FAZEMOS<\/h2><div class=\"vc_empty_space\"   style=\"height: 80px\"><span class=\"vc_empty_space_inner\"><\/span><\/div><div id=\"ult-carousel-111548912169ef995f9c73b\" class=\"ult-carousel-wrapper   ult_horizontal\" data-gutter=\"30\" data-rtl=\"false\" ><div class=\"ult-carousel-28159803569ef995f9c722\" ><div class=\"aio-icon-component    style_1\"><a class=\"aio-icon-box-link\" href=\"#\" ><div id=\"Info-box-wrap-5275\" class=\"aio-icon-box top-icon\" style=\"\"  ><div class=\"aio-icon-top\"><div class=\"ult-just-icon-wrapper\"><div class=\"align-icon\" style=\"text-align:center;\">\n<div class=\"aio-icon none\"  style=\"color:__USE_THEME_MAIN_COLOR__;font-size:60px;display:inline-block;\">\n\t<i class=\"linearicons-bucket\"><\/i>\n<\/div><\/div><\/div><\/div><div class=\"aio-icon-header\" ><h3 class=\"aio-icon-title ult-responsive\"  data-ultimate-target='#Info-box-wrap-5275 .aio-icon-title'  data-responsive-json-new='{\"font-size\":\"desktop:14px;\",\"line-height\":\"\"}'  style=\"font-family:&#039;Dosis&#039;;font-weight:700;color:#ffffff;\">INOVA\u00c7\u00c3O SUSTENT\u00c1VEL<\/h3><\/div> <!-- header --><div class=\"aio-icon-description ult-responsive\"  data-ultimate-target='#Info-box-wrap-5275 .aio-icon-description'  data-responsive-json-new='{\"font-size\":\"desktop:14px;\",\"line-height\":\"\"}'  style=\"color:#ededed;\">Criamos sistemas de monitoriza\u00e7\u00e3o mar\u00edtima de vanguarda, com design funcional e inova\u00e7\u00f5es tecnol\u00f3gicas que respeitam e protegem os ecossistemas marinhos.<\/div> <!-- description --><\/div> <!-- aio-icon-box --><\/a><\/div> <!-- aio-icon-component --><div class=\"aio-icon-component    style_1\"><a class=\"aio-icon-box-link\" href=\"#\" ><div id=\"Info-box-wrap-4778\" class=\"aio-icon-box top-icon\" style=\"\"  ><div class=\"aio-icon-top\"><div class=\"ult-just-icon-wrapper\"><div class=\"align-icon\" style=\"text-align:center;\">\n<div class=\"aio-icon none\"  style=\"color:__USE_THEME_MAIN_COLOR__;font-size:60px;display:inline-block;\">\n\t<i class=\"linearicons-fire\"><\/i>\n<\/div><\/div><\/div><\/div><div class=\"aio-icon-header\" ><h3 class=\"aio-icon-title ult-responsive\"  data-ultimate-target='#Info-box-wrap-4778 .aio-icon-title'  data-responsive-json-new='{\"font-size\":\"desktop:14px;\",\"line-height\":\"\"}'  style=\"font-family:&#039;Dosis&#039;;font-weight:700;color:#ffffff;\">ESTRUTURA PODEROSA<\/h3><\/div> <!-- header --><div class=\"aio-icon-description ult-responsive\"  data-ultimate-target='#Info-box-wrap-4778 .aio-icon-description'  data-responsive-json-new='{\"font-size\":\"desktop:14px;\",\"line-height\":\"\"}'  style=\"font-family:&#039;Open Sans&#039;;color:#ededed;\">Constru\u00edmos estruturas robustas, potenciadas por redes IoT e an\u00e1lise de dados por IA, para criar infraestruturas mar\u00edtimas din\u00e2micas e adapt\u00e1veis.<\/div> <!-- description --><\/div> <!-- aio-icon-box --><\/a><\/div> <!-- aio-icon-component --><div class=\"aio-icon-component    style_1\"><a class=\"aio-icon-box-link\" href=\"#\" ><div id=\"Info-box-wrap-6866\" class=\"aio-icon-box top-icon\" style=\"\"  ><div class=\"aio-icon-top\"><div class=\"ult-just-icon-wrapper\"><div class=\"align-icon\" style=\"text-align:center;\">\n<div class=\"aio-icon none\"  style=\"color:__USE_THEME_MAIN_COLOR__;font-size:60px;display:inline-block;\">\n\t<i class=\"linearicons-laptop-phone\"><\/i>\n<\/div><\/div><\/div><\/div><div class=\"aio-icon-header\" ><h3 class=\"aio-icon-title ult-responsive\"  data-ultimate-target='#Info-box-wrap-6866 .aio-icon-title'  data-responsive-json-new='{\"font-size\":\"desktop:14px;\",\"line-height\":\"\"}'  style=\"font-family:&#039;Dosis&#039;;font-weight:700;color:#ffffff;\">GEST\u00c3O MAR\u00cdTIMA INTELIGENTE<\/h3><\/div> <!-- header --><div class=\"aio-icon-description ult-responsive\"  data-ultimate-target='#Info-box-wrap-6866 .aio-icon-description'  data-responsive-json-new='{\"font-size\":\"desktop:14px;\",\"line-height\":\"\"}'  style=\"font-family:&#039;Open Sans&#039;;color:#ededed;\">Desenvolvemos solu\u00e7\u00f5es de gest\u00e3o mar\u00edtima inteligente, que permitem supervis\u00e3o e operacionaliza\u00e7\u00e3o eficazes a partir de qualquer local, garantindo a tomada de decis\u00e3o \u00e1gil e informada baseada em dados precisos e acess\u00edveis.<\/div> <!-- description --><\/div> <!-- aio-icon-box --><\/a><\/div> <!-- aio-icon-component --><div class=\"aio-icon-component    style_1\"><a class=\"aio-icon-box-link\" href=\"#\" ><div id=\"Info-box-wrap-8890\" class=\"aio-icon-box top-icon\" style=\"\"  ><div class=\"aio-icon-top\"><div class=\"ult-just-icon-wrapper\"><div class=\"align-icon\" style=\"text-align:center;\">\n<div class=\"aio-icon none\"  style=\"color:__USE_THEME_MAIN_COLOR__;font-size:60px;display:inline-block;\">\n\t<i class=\"linearicons-gift\"><\/i>\n<\/div><\/div><\/div><\/div><div class=\"aio-icon-header\" ><h3 class=\"aio-icon-title ult-responsive\"  data-ultimate-target='#Info-box-wrap-8890 .aio-icon-title'  data-responsive-json-new='{\"font-size\":\"desktop:14px;\",\"line-height\":\"\"}'  style=\"font-family:&#039;Dosis&#039;;font-weight:700;color:#ffffff;\">TECNOLOGIA SUSTENT\u00c1VEL<\/h3><\/div> <!-- header --><div class=\"aio-icon-description ult-responsive\"  data-ultimate-target='#Info-box-wrap-8890 .aio-icon-description'  data-responsive-json-new='{\"font-size\":\"desktop:14px;\",\"line-height\":\"\"}'  style=\"font-family:&#039;Open Sans&#039;;color:#ededed;\">Desenvolvemos tecnologias verdes que preservam a vida e os ecossistemas marinhos, contribuindo para uma ind\u00fastria mar\u00edtima sustent\u00e1vel e respons\u00e1vel.<\/div> <!-- description --><\/div> <!-- aio-icon-box --><\/a><\/div> <!-- aio-icon-component --><div class=\"aio-icon-component    style_1\"><a class=\"aio-icon-box-link\" href=\"#\" ><div id=\"Info-box-wrap-7605\" class=\"aio-icon-box top-icon\" style=\"\"  ><div class=\"aio-icon-top\"><div class=\"ult-just-icon-wrapper\"><div class=\"align-icon\" style=\"text-align:center;\">\n<div class=\"aio-icon none\"  style=\"color:__USE_THEME_MAIN_COLOR__;font-size:60px;display:inline-block;\">\n\t<i class=\"linearicons-lifebuoy\"><\/i>\n<\/div><\/div><\/div><\/div><div class=\"aio-icon-header\" ><h3 class=\"aio-icon-title ult-responsive\"  data-ultimate-target='#Info-box-wrap-7605 .aio-icon-title'  data-responsive-json-new='{\"font-size\":\"desktop:14px;\",\"line-height\":\"\"}'  style=\"font-family:&#039;Dosis&#039;;font-weight:700;color:#ffffff;\">AN\u00c1LISE INTELIGENTE<\/h3><\/div> <!-- header --><div class=\"aio-icon-description ult-responsive\"  data-ultimate-target='#Info-box-wrap-7605 .aio-icon-description'  data-responsive-json-new='{\"font-size\":\"desktop:14px;\",\"line-height\":\"\"}'  style=\"font-family:&#039;Open Sans&#039;;color:#ededed;\">Aproveitando o poder do Big Data, fornecemos an\u00e1lises inteligentes para modelagem preditiva e uma gest\u00e3o ambiental estrat\u00e9gica.<\/div> <!-- description --><\/div> <!-- aio-icon-box --><\/a><\/div> <!-- aio-icon-component --><div class=\"aio-icon-component    style_1\"><a class=\"aio-icon-box-link\" href=\"#\" ><div id=\"Info-box-wrap-4875\" class=\"aio-icon-box top-icon\" style=\"\"  ><div class=\"aio-icon-top\"><div class=\"ult-just-icon-wrapper\"><div class=\"align-icon\" style=\"text-align:center;\">\n<div class=\"aio-icon none\"  style=\"color:__USE_THEME_MAIN_COLOR__;font-size:60px;display:inline-block;\">\n\t<i class=\"linearicons-lifebuoy\"><\/i>\n<\/div><\/div><\/div><\/div><div class=\"aio-icon-header\" ><h3 class=\"aio-icon-title ult-responsive\"  data-ultimate-target='#Info-box-wrap-4875 .aio-icon-title'  data-responsive-json-new='{\"font-size\":\"desktop:14px;\",\"line-height\":\"\"}'  style=\"font-family:&#039;Dosis&#039;;font-weight:700;color:#ffffff;\">COLABORA\u00c7\u00c3O ECOL\u00d3GICA<\/h3><\/div> <!-- header --><div class=\"aio-icon-description ult-responsive\"  data-ultimate-target='#Info-box-wrap-4875 .aio-icon-description'  data-responsive-json-new='{\"font-size\":\"desktop:14px;\",\"line-height\":\"\"}'  style=\"font-family:&#039;Open Sans&#039;;color:#ededed;\">Promovemos iniciativas colaborativas, estabelecendo parcerias com entidades globais para avan\u00e7ar projetos ecol\u00f3gicos e promover a sustentabilidade dos oceanos.<\/div> <!-- description --><\/div> <!-- aio-icon-box --><\/a><\/div> <!-- aio-icon-component --><\/div><\/div>\t\t\t<script type=\"text\/javascript\">\n\t\t\t\tjQuery(document).ready(function ($) {\n\t\t\t\t\tif( typeof jQuery('.ult-carousel-28159803569ef995f9c722').slick == \"function\"){\n\t\t\t\t\t\t$('.ult-carousel-28159803569ef995f9c722').slick({dots: true,autoplaySpeed: \"5000\",speed: \"600\",infinite: true,arrows: false,slidesToScroll:3,slidesToShow:3,swipe: true,draggable: true,touchMove: true,pauseOnHover: true,pauseOnFocus: false,adaptiveHeight: true,responsive: [\n\t\t\t\t\t\t\t{\n\t\t\t\t\t\t\t  breakpoint: 1026,\n\t\t\t\t\t\t\t  settings: {\n\t\t\t\t\t\t\t\tslidesToShow: 3,\n\t\t\t\t\t\t\t\tslidesToScroll: 3,  \n\t\t\t\t\t\t\t  }\n\t\t\t\t\t\t\t},\n\t\t\t\t\t\t\t{\n\t\t\t\t\t\t\t  breakpoint: 1025,\n\t\t\t\t\t\t\t  settings: {\n\t\t\t\t\t\t\t\tslidesToShow: 2,\n\t\t\t\t\t\t\t\tslidesToScroll: 2\n\t\t\t\t\t\t\t  }\n\t\t\t\t\t\t\t},\n\t\t\t\t\t\t\t{\n\t\t\t\t\t\t\t  breakpoint: 760,\n\t\t\t\t\t\t\t  settings: {\n\t\t\t\t\t\t\t\tslidesToShow: 1,\n\t\t\t\t\t\t\t\tslidesToScroll: 1\n\t\t\t\t\t\t\t  }\n\t\t\t\t\t\t\t}\n\t\t\t\t\t\t],pauseOnDotsHover: true,customPaging: function(slider, i) {\n                   return '<i type=\"button\" style= \"color:#a3a3a3;\" class=\"ultsl-record\" data-role=\"none\"><\/i>';\n                },});\n\t\t\t\t\t}\n\t\t\t\t});\n\t\t\t<\/script>\n\t\t\t<\/div><\/div><\/div><\/div><!-- Row Backgrounds --><div class=\"upb_bg_img\" data-ultimate-bg=\"url(https:\/\/rootingtech.com\/wp-content\/uploads\/2023\/12\/DALL\u00b7E-2023-12-28-11.23.42-A-sleek-and-minimalistic-digital-illustration-showing-a-modern-clean-design-with-elements-representing-marine-monitoring-and-sustainable-technologies.png)\" data-image-id=\"id^16282|url^http:\/\/rootingtech.com\/wp-content\/uploads\/2023\/12\/DALL\u00b7E-2023-12-28-11.23.42-A-sleek-and-minimalistic-digital-illustration-showing-a-modern-clean-design-with-elements-representing-marine-monitoring-and-sustainable-technologies.png|caption^null|alt^null|title^DALL\u00b7E 2023-12-28 11.23.42 - A sleek and minimalistic digital illustration showing a modern, clean design with elements representing marine monitoring and sustainable technologies|description^null\" data-ultimate-bg-style=\"vcpb-default\" data-bg-img-repeat=\"no-repeat\" data-bg-img-size=\"cover\" data-bg-img-position=\"\" data-parallx_sense=\"30\" data-bg-override=\"ex-full\" data-bg_img_attach=\"scroll\" data-upb-overlay-color=\"rgba(58,55,55,0.86)\" data-upb-bg-animation=\"\" data-fadeout=\"\" data-bg-animation=\"left-animation\" data-bg-animation-type=\"h\" data-animation-repeat=\"repeat\" data-fadeout-percentage=\"30\" data-parallax-content=\"\" data-parallax-content-sense=\"30\" data-row-effect-mobile-disable=\"true\" data-img-parallax-mobile-disable=\"true\" data-rtl=\"false\"  data-custom-vc-row=\"\"  data-vc=\"7.2\"  data-is_old_vc=\"\"  data-theme-support=\"\"   data-overlay=\"true\" data-overlay-color=\"rgba(58,55,55,0.86)\" data-overlay-pattern=\"\" data-overlay-pattern-opacity=\"0.8\" data-overlay-pattern-size=\"\" data-overlay-pattern-attachment=\"scroll\"    ><\/div>\n<\/div>","protected":false},"excerpt":{"rendered":"WE NAVIGATE WE PIONEERIn our ventures, marked by distinctiveness and a forward-looking vision, we merge profound environmental understanding with pioneering technologies and sustainable practices. We are charting new territories at the intersection of ecological innovation and technological advancement, committing to creating a legacy of maritime resilience and prosperity.ARTIFICIAL INTELLIGENCEAdvanced algorithms that learn and adapt, enhancing [...]","protected":false},"author":1,"featured_media":0,"parent":0,"menu_order":0,"comment_status":"closed","ping_status":"closed","template":"one-page-template.php","meta":{"footnotes":""},"_links":{"self":[{"href":"https:\/\/rootingtech.com\/pt\/wp-json\/wp\/v2\/pages\/690"}],"collection":[{"href":"https:\/\/rootingtech.com\/pt\/wp-json\/wp\/v2\/pages"}],"about":[{"href":"https:\/\/rootingtech.com\/pt\/wp-json\/wp\/v2\/types\/page"}],"author":[{"embeddable":true,"href":"https:\/\/rootingtech.com\/pt\/wp-json\/wp\/v2\/users\/1"}],"replies":[{"embeddable":true,"href":"https:\/\/rootingtech.com\/pt\/wp-json\/wp\/v2\/comments?post=690"}],"version-history":[{"count":4,"href":"https:\/\/rootingtech.com\/pt\/wp-json\/wp\/v2\/pages\/690\/revisions"}],"predecessor-version":[{"id":16283,"href":"https:\/\/rootingtech.com\/pt\/wp-json\/wp\/v2\/pages\/690\/revisions\/16283"}],"wp:attachment":[{"href":"https:\/\/rootingtech.com\/pt\/wp-json\/wp\/v2\/media?parent=690"}],"curies":[{"name":"wp","href":"https:\/\/api.w.org\/{rel}","templated":true}]}}